{"id":809,"date":"2022-11-15T17:20:59","date_gmt":"2022-11-15T17:20:59","guid":{"rendered":"https:\/\/soundservice.com.ar\/new\/?post_type=product&#038;p=809"},"modified":"2023-12-19T14:23:53","modified_gmt":"2023-12-19T14:23:53","slug":"ecografo-vivid-s5","status":"publish","type":"product","link":"https:\/\/soundservice.com.ar\/new\/producto\/ecografo-vivid-s5\/","title":{"rendered":"GE Vivid S5"},"content":{"rendered":"<p>El Vivid S5 es un Sistema Cardiovascular Multiuso disen\u0303ado para estudios cardi\u0301acos adultos, pedia\u0301tricos, fetales, obste\u0301tricos, vascular perife\u0301rico, urolo\u0301gicos, abdominales, transcraniales, partes pequen\u0303as, musculoesquele\u0301ticos y transesofa\u0301gicos.<\/p>\n<p>Conjuga las capacidades de ima\u0301genes cardi\u0301acas de los eco\u0301grafos Vivid de GE con el excepcional rendimiento de servicios compartidos de los eco\u0301grafos de la Li\u0301nea Logiq.<\/p>\n","protected":false},"excerpt":{"rendered":"<p>&nbsp;<\/p>\n<h4>Un sistema de ultrasonido de alto rendimiento para aplicaciones cardiovasculares y de servicios compartidos<\/h4>\n<p>El Vivid S5 ofrece un innovador dise\u00f1o ergon\u00f3mico, excelente imagen calidad, conectividad avanzada, herramientas de productividad y tecnolog\u00eda avanzada.<\/p>\n<ul>\n<li><strong>Precio: <\/strong>17.000 d\u00f3lares + IVA (d\u00f3lar vendedor Banco Naci\u00f3n Argentina)<\/li>\n<li><strong>Transductores:<\/strong> lineal + cardio adulto<\/li>\n<li><strong>Licencia DICOM<\/strong>: No posee<\/li>\n<li><strong>Uso:<\/strong> Cardiol\u00f3gico \/ Vascular<\/li>\n<li><strong>Condici\u00f3n:<\/strong> usado<\/li>\n<li><strong>A\u00f1o de fabricaci\u00f3n:<\/strong> 2013<\/li>\n<\/ul>\n","protected":false},"featured_media":994,"comment_status":"closed","ping_status":"closed","template":"","meta":{"inline_featured_image":false,"site-sidebar-layout":"default","site-content-layout":"default","ast-site-content-layout":"default","site-content-style":"default","site-sidebar-style":"default","ast-global-header-display":"","ast-banner-title-visibility":"","ast-main-header-display":"","ast-hfb-above-header-display":"","ast-hfb-below-header-display":"","ast-hfb-mobile-header-display":"","site-post-title":"","ast-breadcrumbs-content":"","ast-featured-img":"","footer-sml-layout":"","theme-transparent-header-meta":"default","adv-header-id-meta":"","stick-header-meta":"","header-above-stick-meta":"","header-main-stick-meta":"","header-below-stick-meta":"","astra-migrate-meta-layouts":"set","ast-page-background-enabled":"default","ast-page-background-meta":{"desktop":{"background-color":"","background-image":"","background-repeat":"repeat","background-position":"center center","background-size":"auto","background-attachment":"scroll","background-type":"","background-media":"","overlay-type":"","overlay-color":"","overlay-opacity":"","overlay-gradient":""},"tablet":{"background-color":"","background-image":"","background-repeat":"repeat","background-position":"center center","background-size":"auto","background-attachment":"scroll","background-type":"","background-media":"","overlay-type":"","overlay-color":"","overlay-opacity":"","overlay-gradient":""},"mobile":{"background-color":"","background-image":"","background-repeat":"repeat","background-position":"center center","background-size":"auto","background-attachment":"scroll","background-type":"","background-media":"","overlay-type":"","overlay-color":"","overlay-opacity":"","overlay-gradient":""}},"ast-content-background-meta":{"desktop":{"background-color":"var(--ast-global-color-5)","background-image":"","background-repeat":"repeat","background-position":"center center","background-size":"auto","background-attachment":"scroll","background-type":"","background-media":"","overlay-type":"","overlay-color":"","overlay-opacity":"","overlay-gradient":""},"tablet":{"background-color":"var(--ast-global-color-5)","background-image":"","background-repeat":"repeat","background-position":"center center","background-size":"auto","background-attachment":"scroll","background-type":"","background-media":"","overlay-type":"","overlay-color":"","overlay-opacity":"","overlay-gradient":""},"mobile":{"background-color":"var(--ast-global-color-5)","background-image":"","background-repeat":"repeat","background-position":"center center","background-size":"auto","background-attachment":"scroll","background-type":"","background-media":"","overlay-type":"","overlay-color":"","overlay-opacity":"","overlay-gradient":""}}},"product_brand":[],"product_cat":[32],"product_tag":[46,48,36],"class_list":{"0":"post-809","1":"product","2":"type-product","3":"status-publish","4":"has-post-thumbnail","6":"product_cat-ge-healthcare","7":"product_tag-cardiologia","8":"product_tag-transductor-cardio-adulto","9":"product_tag-transductor-lineal","10":"desktop-align-center","11":"tablet-align-left","12":"mobile-align-left","14":"first","15":"instock","16":"downloadable","17":"virtual","18":"sold-individually","19":"taxable","20":"purchasable","21":"product-type-simple"},"yoast_head":"<!-- This site is optimized with the Yoast SEO plugin v27.4 - https:\/\/yoast.com\/product\/yoast-seo-wordpress\/ -->\n<title>GE Vivid S5 - SoundService<\/title>\n<meta name=\"robots\" content=\"index, follow, max-snippet:-1, max-image-preview:large, max-video-preview:-1\" \/>\n<link rel=\"canonical\" href=\"https:\/\/soundservice.com.ar\/new\/producto\/ecografo-vivid-s5\/\" \/>\n<meta property=\"og:locale\" content=\"es_ES\" \/>\n<meta property=\"og:type\" content=\"article\" \/>\n<meta property=\"og:title\" content=\"GE Vivid S5 - SoundService\" \/>\n<meta property=\"og:description\" content=\"&nbsp; Un sistema de ultrasonido de alto rendimiento para aplicaciones cardiovasculares y de servicios compartidos El Vivid S5 ofrece un innovador dise\u00f1o ergon\u00f3mico, excelente imagen calidad, conectividad avanzada, herramientas de productividad y tecnolog\u00eda avanzada.   Precio: 17.000 d\u00f3lares + IVA (d\u00f3lar vendedor Banco Naci\u00f3n Argentina)  Transductores: lineal + cardio adulto  Licencia DICOM: No posee  Uso: Cardiol\u00f3gico \/ Vascular  Condici\u00f3n: usado  A\u00f1o de fabricaci\u00f3n: 2013\" \/>\n<meta property=\"og:url\" content=\"https:\/\/soundservice.com.ar\/new\/producto\/ecografo-vivid-s5\/\" \/>\n<meta property=\"og:site_name\" content=\"SoundService\" \/>\n<meta property=\"article:modified_time\" content=\"2023-12-19T14:23:53+00:00\" \/>\n<meta property=\"og:image\" content=\"https:\/\/i0.wp.com\/soundservice.com.ar\/new\/wp-content\/uploads\/2022\/11\/1-1.png?fit=1080%2C1080&ssl=1\" \/>\n\t<meta property=\"og:image:width\" content=\"1080\" \/>\n\t<meta property=\"og:image:height\" content=\"1080\" \/>\n\t<meta property=\"og:image:type\" content=\"image\/png\" \/>\n<meta name=\"twitter:card\" content=\"summary_large_image\" \/>\n<meta name=\"twitter:label1\" content=\"Tiempo de lectura\" \/>\n\t<meta name=\"twitter:data1\" content=\"1 minuto\" \/>\n<script type=\"application\/ld+json\" class=\"yoast-schema-graph\">{\"@context\":\"https:\\\/\\\/schema.org\",\"@graph\":[{\"@type\":\"WebPage\",\"@id\":\"https:\\\/\\\/soundservice.com.ar\\\/new\\\/producto\\\/ecografo-vivid-s5\\\/\",\"url\":\"https:\\\/\\\/soundservice.com.ar\\\/new\\\/producto\\\/ecografo-vivid-s5\\\/\",\"name\":\"GE Vivid S5 - SoundService\",\"isPartOf\":{\"@id\":\"https:\\\/\\\/soundservice.com.ar\\\/new\\\/#website\"},\"primaryImageOfPage\":{\"@id\":\"https:\\\/\\\/soundservice.com.ar\\\/new\\\/producto\\\/ecografo-vivid-s5\\\/#primaryimage\"},\"image\":{\"@id\":\"https:\\\/\\\/soundservice.com.ar\\\/new\\\/producto\\\/ecografo-vivid-s5\\\/#primaryimage\"},\"thumbnailUrl\":\"https:\\\/\\\/i0.wp.com\\\/soundservice.com.ar\\\/new\\\/wp-content\\\/uploads\\\/2022\\\/11\\\/1-1.png?fit=1080%2C1080&ssl=1\",\"datePublished\":\"2022-11-15T17:20:59+00:00\",\"dateModified\":\"2023-12-19T14:23:53+00:00\",\"breadcrumb\":{\"@id\":\"https:\\\/\\\/soundservice.com.ar\\\/new\\\/producto\\\/ecografo-vivid-s5\\\/#breadcrumb\"},\"inLanguage\":\"es\",\"potentialAction\":[{\"@type\":\"ReadAction\",\"target\":[\"https:\\\/\\\/soundservice.com.ar\\\/new\\\/producto\\\/ecografo-vivid-s5\\\/\"]}]},{\"@type\":\"ImageObject\",\"inLanguage\":\"es\",\"@id\":\"https:\\\/\\\/soundservice.com.ar\\\/new\\\/producto\\\/ecografo-vivid-s5\\\/#primaryimage\",\"url\":\"https:\\\/\\\/i0.wp.com\\\/soundservice.com.ar\\\/new\\\/wp-content\\\/uploads\\\/2022\\\/11\\\/1-1.png?fit=1080%2C1080&ssl=1\",\"contentUrl\":\"https:\\\/\\\/i0.wp.com\\\/soundservice.com.ar\\\/new\\\/wp-content\\\/uploads\\\/2022\\\/11\\\/1-1.png?fit=1080%2C1080&ssl=1\",\"width\":1080,\"height\":1080},{\"@type\":\"BreadcrumbList\",\"@id\":\"https:\\\/\\\/soundservice.com.ar\\\/new\\\/producto\\\/ecografo-vivid-s5\\\/#breadcrumb\",\"itemListElement\":[{\"@type\":\"ListItem\",\"position\":1,\"name\":\"Portada\",\"item\":\"https:\\\/\\\/soundservice.com.ar\\\/new\\\/\"},{\"@type\":\"ListItem\",\"position\":2,\"name\":\"Ec\u00f3grafos Usados\",\"item\":\"https:\\\/\\\/soundservice.com.ar\\\/new\\\/\"},{\"@type\":\"ListItem\",\"position\":3,\"name\":\"GE Vivid S5\"}]},{\"@type\":\"WebSite\",\"@id\":\"https:\\\/\\\/soundservice.com.ar\\\/new\\\/#website\",\"url\":\"https:\\\/\\\/soundservice.com.ar\\\/new\\\/\",\"name\":\"SoundService\",\"description\":\"Ec\u00f3grafos usados y servicio t\u00e9cnico en Argentina\",\"publisher\":{\"@id\":\"https:\\\/\\\/soundservice.com.ar\\\/new\\\/#organization\"},\"potentialAction\":[{\"@type\":\"SearchAction\",\"target\":{\"@type\":\"EntryPoint\",\"urlTemplate\":\"https:\\\/\\\/soundservice.com.ar\\\/new\\\/?s={search_term_string}\"},\"query-input\":{\"@type\":\"PropertyValueSpecification\",\"valueRequired\":true,\"valueName\":\"search_term_string\"}}],\"inLanguage\":\"es\"},{\"@type\":\"Organization\",\"@id\":\"https:\\\/\\\/soundservice.com.ar\\\/new\\\/#organization\",\"name\":\"SoundService\",\"url\":\"https:\\\/\\\/soundservice.com.ar\\\/new\\\/\",\"logo\":{\"@type\":\"ImageObject\",\"inLanguage\":\"es\",\"@id\":\"https:\\\/\\\/soundservice.com.ar\\\/new\\\/#\\\/schema\\\/logo\\\/image\\\/\",\"url\":\"https:\\\/\\\/i0.wp.com\\\/soundservice.com.ar\\\/new\\\/wp-content\\\/uploads\\\/2022\\\/11\\\/cropped-cropped-Soundservice_Manual-de-Identidad1-07.png?fit=3779%2C1504&ssl=1\",\"contentUrl\":\"https:\\\/\\\/i0.wp.com\\\/soundservice.com.ar\\\/new\\\/wp-content\\\/uploads\\\/2022\\\/11\\\/cropped-cropped-Soundservice_Manual-de-Identidad1-07.png?fit=3779%2C1504&ssl=1\",\"width\":3779,\"height\":1504,\"caption\":\"SoundService\"},\"image\":{\"@id\":\"https:\\\/\\\/soundservice.com.ar\\\/new\\\/#\\\/schema\\\/logo\\\/image\\\/\"}}]}<\/script>\n<!-- \/ Yoast SEO plugin. -->","yoast_head_json":{"title":"GE Vivid S5 - SoundService","robots":{"index":"index","follow":"follow","max-snippet":"max-snippet:-1","max-image-preview":"max-image-preview:large","max-video-preview":"max-video-preview:-1"},"canonical":"https:\/\/soundservice.com.ar\/new\/producto\/ecografo-vivid-s5\/","og_locale":"es_ES","og_type":"article","og_title":"GE Vivid S5 - SoundService","og_description":"&nbsp; Un sistema de ultrasonido de alto rendimiento para aplicaciones cardiovasculares y de servicios compartidos El Vivid S5 ofrece un innovador dise\u00f1o ergon\u00f3mico, excelente imagen calidad, conectividad avanzada, herramientas de productividad y tecnolog\u00eda avanzada.   Precio: 17.000 d\u00f3lares + IVA (d\u00f3lar vendedor Banco Naci\u00f3n Argentina)  Transductores: lineal + cardio adulto  Licencia DICOM: No posee  Uso: Cardiol\u00f3gico \/ Vascular  Condici\u00f3n: usado  A\u00f1o de fabricaci\u00f3n: 2013","og_url":"https:\/\/soundservice.com.ar\/new\/producto\/ecografo-vivid-s5\/","og_site_name":"SoundService","article_modified_time":"2023-12-19T14:23:53+00:00","og_image":[{"width":1080,"height":1080,"url":"https:\/\/i0.wp.com\/soundservice.com.ar\/new\/wp-content\/uploads\/2022\/11\/1-1.png?fit=1080%2C1080&ssl=1","type":"image\/png"}],"twitter_card":"summary_large_image","twitter_misc":{"Tiempo de lectura":"1 minuto"},"schema":{"@context":"https:\/\/schema.org","@graph":[{"@type":"WebPage","@id":"https:\/\/soundservice.com.ar\/new\/producto\/ecografo-vivid-s5\/","url":"https:\/\/soundservice.com.ar\/new\/producto\/ecografo-vivid-s5\/","name":"GE Vivid S5 - SoundService","isPartOf":{"@id":"https:\/\/soundservice.com.ar\/new\/#website"},"primaryImageOfPage":{"@id":"https:\/\/soundservice.com.ar\/new\/producto\/ecografo-vivid-s5\/#primaryimage"},"image":{"@id":"https:\/\/soundservice.com.ar\/new\/producto\/ecografo-vivid-s5\/#primaryimage"},"thumbnailUrl":"https:\/\/i0.wp.com\/soundservice.com.ar\/new\/wp-content\/uploads\/2022\/11\/1-1.png?fit=1080%2C1080&ssl=1","datePublished":"2022-11-15T17:20:59+00:00","dateModified":"2023-12-19T14:23:53+00:00","breadcrumb":{"@id":"https:\/\/soundservice.com.ar\/new\/producto\/ecografo-vivid-s5\/#breadcrumb"},"inLanguage":"es","potentialAction":[{"@type":"ReadAction","target":["https:\/\/soundservice.com.ar\/new\/producto\/ecografo-vivid-s5\/"]}]},{"@type":"ImageObject","inLanguage":"es","@id":"https:\/\/soundservice.com.ar\/new\/producto\/ecografo-vivid-s5\/#primaryimage","url":"https:\/\/i0.wp.com\/soundservice.com.ar\/new\/wp-content\/uploads\/2022\/11\/1-1.png?fit=1080%2C1080&ssl=1","contentUrl":"https:\/\/i0.wp.com\/soundservice.com.ar\/new\/wp-content\/uploads\/2022\/11\/1-1.png?fit=1080%2C1080&ssl=1","width":1080,"height":1080},{"@type":"BreadcrumbList","@id":"https:\/\/soundservice.com.ar\/new\/producto\/ecografo-vivid-s5\/#breadcrumb","itemListElement":[{"@type":"ListItem","position":1,"name":"Portada","item":"https:\/\/soundservice.com.ar\/new\/"},{"@type":"ListItem","position":2,"name":"Ec\u00f3grafos Usados","item":"https:\/\/soundservice.com.ar\/new\/"},{"@type":"ListItem","position":3,"name":"GE Vivid S5"}]},{"@type":"WebSite","@id":"https:\/\/soundservice.com.ar\/new\/#website","url":"https:\/\/soundservice.com.ar\/new\/","name":"SoundService","description":"Ec\u00f3grafos usados y servicio t\u00e9cnico en Argentina","publisher":{"@id":"https:\/\/soundservice.com.ar\/new\/#organization"},"potentialAction":[{"@type":"SearchAction","target":{"@type":"EntryPoint","urlTemplate":"https:\/\/soundservice.com.ar\/new\/?s={search_term_string}"},"query-input":{"@type":"PropertyValueSpecification","valueRequired":true,"valueName":"search_term_string"}}],"inLanguage":"es"},{"@type":"Organization","@id":"https:\/\/soundservice.com.ar\/new\/#organization","name":"SoundService","url":"https:\/\/soundservice.com.ar\/new\/","logo":{"@type":"ImageObject","inLanguage":"es","@id":"https:\/\/soundservice.com.ar\/new\/#\/schema\/logo\/image\/","url":"https:\/\/i0.wp.com\/soundservice.com.ar\/new\/wp-content\/uploads\/2022\/11\/cropped-cropped-Soundservice_Manual-de-Identidad1-07.png?fit=3779%2C1504&ssl=1","contentUrl":"https:\/\/i0.wp.com\/soundservice.com.ar\/new\/wp-content\/uploads\/2022\/11\/cropped-cropped-Soundservice_Manual-de-Identidad1-07.png?fit=3779%2C1504&ssl=1","width":3779,"height":1504,"caption":"SoundService"},"image":{"@id":"https:\/\/soundservice.com.ar\/new\/#\/schema\/logo\/image\/"}}]}},"jetpack_sharing_enabled":true,"_links":{"self":[{"href":"https:\/\/soundservice.com.ar\/new\/wp-json\/wp\/v2\/product\/809","targetHints":{"allow":["GET"]}}],"collection":[{"href":"https:\/\/soundservice.com.ar\/new\/wp-json\/wp\/v2\/product"}],"about":[{"href":"https:\/\/soundservice.com.ar\/new\/wp-json\/wp\/v2\/types\/product"}],"replies":[{"embeddable":true,"href":"https:\/\/soundservice.com.ar\/new\/wp-json\/wp\/v2\/comments?post=809"}],"wp:featuredmedia":[{"embeddable":true,"href":"https:\/\/soundservice.com.ar\/new\/wp-json\/wp\/v2\/media\/994"}],"wp:attachment":[{"href":"https:\/\/soundservice.com.ar\/new\/wp-json\/wp\/v2\/media?parent=809"}],"wp:term":[{"taxonomy":"product_brand","embeddable":true,"href":"https:\/\/soundservice.com.ar\/new\/wp-json\/wp\/v2\/product_brand?post=809"},{"taxonomy":"product_cat","embeddable":true,"href":"https:\/\/soundservice.com.ar\/new\/wp-json\/wp\/v2\/product_cat?post=809"},{"taxonomy":"product_tag","embeddable":true,"href":"https:\/\/soundservice.com.ar\/new\/wp-json\/wp\/v2\/product_tag?post=809"}],"curies":[{"name":"wp","href":"https:\/\/api.w.org\/{rel}","templated":true}]}}