{"id":961,"date":"2023-12-14T12:49:15","date_gmt":"2023-12-14T12:49:15","guid":{"rendered":"https:\/\/soundservice.com.ar\/?post_type=product&#038;p=961"},"modified":"2023-12-15T13:42:07","modified_gmt":"2023-12-15T13:42:07","slug":"ge-voluson-e8-usado","status":"publish","type":"product","link":"https:\/\/soundservice.com.ar\/new\/producto\/ge-voluson-e8-usado\/","title":{"rendered":"GE VOLUSON E8"},"content":{"rendered":"<p>Voluson E8 es un sistema de ultrasonidos de gama alta dise\u00f1ado para responder a las necesidades de la Salud de la mujer, incluidas las \u00e1reas de obstetricia, ginecolog\u00eda, medicina materno-fetal y medicina de reproducci\u00f3n asistida. Las innovaciones en calidad de imagen, automatizaci\u00f3n, tecnolog\u00eda del transductor y an\u00e1lisis de im\u00e1genes le proporcionan la extraordinaria visualizaci\u00f3n que necesita para ofrecer una excelente atenci\u00f3n a sus pacientes.<\/p>\n<p>La herramienta de adquisici\u00f3n de im\u00e1genes HDlive de Voluson E8 aporta un realismo excepcional a los ultrasonidos y la posibilidad de explorar los detalles m\u00e1s peque\u00f1os de forma extraordinaria.<\/p>\n<p>&nbsp;<\/p>\n","protected":false},"excerpt":{"rendered":"<p>Voluson E8 brinda una calidad de imagen sobresaliente en un sistema inteligente, dise\u00f1ado para satisfacer las demandas de su rutina diaria. Equipo creado para el cuidado de la mujer.<\/p>\n<ul>\n<li><strong>MARCA:<\/strong> GENERAL ELECTRIC<\/li>\n<li><strong>MODELO:<\/strong> VOLUSON E8 BT08<\/li>\n<li><strong>A\u00d1O DE FABRICACION<\/strong>: 2008<\/li>\n<li><strong>ESPECIALIDAD<\/strong>: OBSTETRICO + GENERAL<\/li>\n<li><strong>TRANSDUCTORES:<\/strong>\n<ol>\n<li>LINEAL<\/li>\n<li>CONVEXO<\/li>\n<li>CONVEXO VOLUMETRICO<\/li>\n<li>ENDOCAVITARIO VOLUMETRICO<\/li>\n<\/ol>\n<\/li>\n<li><strong>VIDEO PRINTER:<\/strong> NO<\/li>\n<li><strong>DICOM:<\/strong> SI<\/li>\n<\/ul>\n","protected":false},"featured_media":972,"comment_status":"closed","ping_status":"closed","template":"","meta":{"inline_featured_image":false,"site-sidebar-layout":"default","site-content-layout":"default","ast-site-content-layout":"default","site-content-style":"default","site-sidebar-style":"default","ast-global-header-display":"","ast-banner-title-visibility":"","ast-main-header-display":"","ast-hfb-above-header-display":"","ast-hfb-below-header-display":"","ast-hfb-mobile-header-display":"","site-post-title":"","ast-breadcrumbs-content":"","ast-featured-img":"","footer-sml-layout":"","theme-transparent-header-meta":"default","adv-header-id-meta":"","stick-header-meta":"","header-above-stick-meta":"","header-main-stick-meta":"","header-below-stick-meta":"","astra-migrate-meta-layouts":"set","ast-page-background-enabled":"default","ast-page-background-meta":{"desktop":{"background-color":"","background-image":"","background-repeat":"repeat","background-position":"center center","background-size":"auto","background-attachment":"scroll","background-type":"","background-media":"","overlay-type":"","overlay-color":"","overlay-opacity":"","overlay-gradient":""},"tablet":{"background-color":"","background-image":"","background-repeat":"repeat","background-position":"center center","background-size":"auto","background-attachment":"scroll","background-type":"","background-media":"","overlay-type":"","overlay-color":"","overlay-opacity":"","overlay-gradient":""},"mobile":{"background-color":"","background-image":"","background-repeat":"repeat","background-position":"center center","background-size":"auto","background-attachment":"scroll","background-type":"","background-media":"","overlay-type":"","overlay-color":"","overlay-opacity":"","overlay-gradient":""}},"ast-content-background-meta":{"desktop":{"background-color":"var(--ast-global-color-5)","background-image":"","background-repeat":"repeat","background-position":"center center","background-size":"auto","background-attachment":"scroll","background-type":"","background-media":"","overlay-type":"","overlay-color":"","overlay-opacity":"","overlay-gradient":""},"tablet":{"background-color":"var(--ast-global-color-5)","background-image":"","background-repeat":"repeat","background-position":"center center","background-size":"auto","background-attachment":"scroll","background-type":"","background-media":"","overlay-type":"","overlay-color":"","overlay-opacity":"","overlay-gradient":""},"mobile":{"background-color":"var(--ast-global-color-5)","background-image":"","background-repeat":"repeat","background-position":"center center","background-size":"auto","background-attachment":"scroll","background-type":"","background-media":"","overlay-type":"","overlay-color":"","overlay-opacity":"","overlay-gradient":""}}},"product_brand":[],"product_cat":[32],"product_tag":[37,42,43,44,50,36],"class_list":{"0":"post-961","1":"product","2":"type-product","3":"status-publish","4":"has-post-thumbnail","6":"product_cat-ge-healthcare","7":"product_tag-ecografo","8":"product_tag-ginecologia-y-obstetricia","9":"product_tag-transductor-convexo","10":"product_tag-transductor-convexo-volumetrico","11":"product_tag-transductor-endocavitario-volumetrico","12":"product_tag-transductor-lineal","13":"desktop-align-center","14":"tablet-align-left","15":"mobile-align-left","17":"first","18":"instock","19":"downloadable","20":"virtual","21":"sold-individually","22":"taxable","23":"purchasable","24":"product-type-simple"},"yoast_head":"<!-- This site is optimized with the Yoast SEO plugin v27.4 - https:\/\/yoast.com\/product\/yoast-seo-wordpress\/ -->\n<title>GE VOLUSON E8 - SoundService Ec\u00f3grafo Usado<\/title>\n<meta name=\"description\" content=\"Voluson E8 brinda una calidad de imagen sobresaliente en un sistema inteligente, dise\u00f1ado para satisfacer las demandas de su rutina diaria. Contactanos!!\" \/>\n<meta name=\"robots\" content=\"index, follow, max-snippet:-1, max-image-preview:large, max-video-preview:-1\" \/>\n<link rel=\"canonical\" href=\"https:\/\/soundservice.com.ar\/new\/producto\/ge-voluson-e8-usado\/\" \/>\n<meta property=\"og:locale\" content=\"es_ES\" \/>\n<meta property=\"og:type\" content=\"article\" \/>\n<meta property=\"og:title\" content=\"GE VOLUSON E8 - SoundService Ec\u00f3grafo Usado\" \/>\n<meta property=\"og:description\" content=\"Voluson E8 brinda una calidad de imagen sobresaliente en un sistema inteligente, dise\u00f1ado para satisfacer las demandas de su rutina diaria. Contactanos!!\" \/>\n<meta property=\"og:url\" content=\"https:\/\/soundservice.com.ar\/new\/producto\/ge-voluson-e8-usado\/\" \/>\n<meta property=\"og:site_name\" content=\"SoundService\" \/>\n<meta property=\"article:modified_time\" content=\"2023-12-15T13:42:07+00:00\" \/>\n<meta property=\"og:image\" content=\"https:\/\/i0.wp.com\/soundservice.com.ar\/new\/wp-content\/uploads\/2023\/12\/1-4.png?fit=1080%2C1080&ssl=1\" \/>\n\t<meta property=\"og:image:width\" content=\"1080\" \/>\n\t<meta property=\"og:image:height\" content=\"1080\" \/>\n\t<meta property=\"og:image:type\" content=\"image\/png\" \/>\n<meta name=\"twitter:card\" content=\"summary_large_image\" \/>\n<meta name=\"twitter:label1\" content=\"Tiempo de lectura\" \/>\n\t<meta name=\"twitter:data1\" content=\"1 minuto\" \/>\n<script type=\"application\/ld+json\" class=\"yoast-schema-graph\">{\"@context\":\"https:\\\/\\\/schema.org\",\"@graph\":[{\"@type\":\"WebPage\",\"@id\":\"https:\\\/\\\/soundservice.com.ar\\\/new\\\/producto\\\/ge-voluson-e8-usado\\\/\",\"url\":\"https:\\\/\\\/soundservice.com.ar\\\/new\\\/producto\\\/ge-voluson-e8-usado\\\/\",\"name\":\"GE VOLUSON E8 - SoundService Ec\u00f3grafo Usado\",\"isPartOf\":{\"@id\":\"https:\\\/\\\/soundservice.com.ar\\\/new\\\/#website\"},\"primaryImageOfPage\":{\"@id\":\"https:\\\/\\\/soundservice.com.ar\\\/new\\\/producto\\\/ge-voluson-e8-usado\\\/#primaryimage\"},\"image\":{\"@id\":\"https:\\\/\\\/soundservice.com.ar\\\/new\\\/producto\\\/ge-voluson-e8-usado\\\/#primaryimage\"},\"thumbnailUrl\":\"https:\\\/\\\/i0.wp.com\\\/soundservice.com.ar\\\/new\\\/wp-content\\\/uploads\\\/2023\\\/12\\\/1-4.png?fit=1080%2C1080&ssl=1\",\"datePublished\":\"2023-12-14T12:49:15+00:00\",\"dateModified\":\"2023-12-15T13:42:07+00:00\",\"description\":\"Voluson E8 brinda una calidad de imagen sobresaliente en un sistema inteligente, dise\u00f1ado para satisfacer las demandas de su rutina diaria. Contactanos!!\",\"breadcrumb\":{\"@id\":\"https:\\\/\\\/soundservice.com.ar\\\/new\\\/producto\\\/ge-voluson-e8-usado\\\/#breadcrumb\"},\"inLanguage\":\"es\",\"potentialAction\":[{\"@type\":\"ReadAction\",\"target\":[\"https:\\\/\\\/soundservice.com.ar\\\/new\\\/producto\\\/ge-voluson-e8-usado\\\/\"]}]},{\"@type\":\"ImageObject\",\"inLanguage\":\"es\",\"@id\":\"https:\\\/\\\/soundservice.com.ar\\\/new\\\/producto\\\/ge-voluson-e8-usado\\\/#primaryimage\",\"url\":\"https:\\\/\\\/i0.wp.com\\\/soundservice.com.ar\\\/new\\\/wp-content\\\/uploads\\\/2023\\\/12\\\/1-4.png?fit=1080%2C1080&ssl=1\",\"contentUrl\":\"https:\\\/\\\/i0.wp.com\\\/soundservice.com.ar\\\/new\\\/wp-content\\\/uploads\\\/2023\\\/12\\\/1-4.png?fit=1080%2C1080&ssl=1\",\"width\":1080,\"height\":1080},{\"@type\":\"BreadcrumbList\",\"@id\":\"https:\\\/\\\/soundservice.com.ar\\\/new\\\/producto\\\/ge-voluson-e8-usado\\\/#breadcrumb\",\"itemListElement\":[{\"@type\":\"ListItem\",\"position\":1,\"name\":\"Portada\",\"item\":\"https:\\\/\\\/soundservice.com.ar\\\/new\\\/\"},{\"@type\":\"ListItem\",\"position\":2,\"name\":\"Ec\u00f3grafos Usados\",\"item\":\"https:\\\/\\\/soundservice.com.ar\\\/new\\\/\"},{\"@type\":\"ListItem\",\"position\":3,\"name\":\"GE VOLUSON E8\"}]},{\"@type\":\"WebSite\",\"@id\":\"https:\\\/\\\/soundservice.com.ar\\\/new\\\/#website\",\"url\":\"https:\\\/\\\/soundservice.com.ar\\\/new\\\/\",\"name\":\"SoundService\",\"description\":\"Ec\u00f3grafos usados y servicio t\u00e9cnico en Argentina\",\"publisher\":{\"@id\":\"https:\\\/\\\/soundservice.com.ar\\\/new\\\/#organization\"},\"potentialAction\":[{\"@type\":\"SearchAction\",\"target\":{\"@type\":\"EntryPoint\",\"urlTemplate\":\"https:\\\/\\\/soundservice.com.ar\\\/new\\\/?s={search_term_string}\"},\"query-input\":{\"@type\":\"PropertyValueSpecification\",\"valueRequired\":true,\"valueName\":\"search_term_string\"}}],\"inLanguage\":\"es\"},{\"@type\":\"Organization\",\"@id\":\"https:\\\/\\\/soundservice.com.ar\\\/new\\\/#organization\",\"name\":\"SoundService\",\"url\":\"https:\\\/\\\/soundservice.com.ar\\\/new\\\/\",\"logo\":{\"@type\":\"ImageObject\",\"inLanguage\":\"es\",\"@id\":\"https:\\\/\\\/soundservice.com.ar\\\/new\\\/#\\\/schema\\\/logo\\\/image\\\/\",\"url\":\"https:\\\/\\\/i0.wp.com\\\/soundservice.com.ar\\\/new\\\/wp-content\\\/uploads\\\/2022\\\/11\\\/cropped-cropped-Soundservice_Manual-de-Identidad1-07.png?fit=3779%2C1504&ssl=1\",\"contentUrl\":\"https:\\\/\\\/i0.wp.com\\\/soundservice.com.ar\\\/new\\\/wp-content\\\/uploads\\\/2022\\\/11\\\/cropped-cropped-Soundservice_Manual-de-Identidad1-07.png?fit=3779%2C1504&ssl=1\",\"width\":3779,\"height\":1504,\"caption\":\"SoundService\"},\"image\":{\"@id\":\"https:\\\/\\\/soundservice.com.ar\\\/new\\\/#\\\/schema\\\/logo\\\/image\\\/\"}}]}<\/script>\n<!-- \/ Yoast SEO plugin. -->","yoast_head_json":{"title":"GE VOLUSON E8 - SoundService Ec\u00f3grafo Usado","description":"Voluson E8 brinda una calidad de imagen sobresaliente en un sistema inteligente, dise\u00f1ado para satisfacer las demandas de su rutina diaria. Contactanos!!","robots":{"index":"index","follow":"follow","max-snippet":"max-snippet:-1","max-image-preview":"max-image-preview:large","max-video-preview":"max-video-preview:-1"},"canonical":"https:\/\/soundservice.com.ar\/new\/producto\/ge-voluson-e8-usado\/","og_locale":"es_ES","og_type":"article","og_title":"GE VOLUSON E8 - SoundService Ec\u00f3grafo Usado","og_description":"Voluson E8 brinda una calidad de imagen sobresaliente en un sistema inteligente, dise\u00f1ado para satisfacer las demandas de su rutina diaria. Contactanos!!","og_url":"https:\/\/soundservice.com.ar\/new\/producto\/ge-voluson-e8-usado\/","og_site_name":"SoundService","article_modified_time":"2023-12-15T13:42:07+00:00","og_image":[{"width":1080,"height":1080,"url":"https:\/\/i0.wp.com\/soundservice.com.ar\/new\/wp-content\/uploads\/2023\/12\/1-4.png?fit=1080%2C1080&ssl=1","type":"image\/png"}],"twitter_card":"summary_large_image","twitter_misc":{"Tiempo de lectura":"1 minuto"},"schema":{"@context":"https:\/\/schema.org","@graph":[{"@type":"WebPage","@id":"https:\/\/soundservice.com.ar\/new\/producto\/ge-voluson-e8-usado\/","url":"https:\/\/soundservice.com.ar\/new\/producto\/ge-voluson-e8-usado\/","name":"GE VOLUSON E8 - SoundService Ec\u00f3grafo Usado","isPartOf":{"@id":"https:\/\/soundservice.com.ar\/new\/#website"},"primaryImageOfPage":{"@id":"https:\/\/soundservice.com.ar\/new\/producto\/ge-voluson-e8-usado\/#primaryimage"},"image":{"@id":"https:\/\/soundservice.com.ar\/new\/producto\/ge-voluson-e8-usado\/#primaryimage"},"thumbnailUrl":"https:\/\/i0.wp.com\/soundservice.com.ar\/new\/wp-content\/uploads\/2023\/12\/1-4.png?fit=1080%2C1080&ssl=1","datePublished":"2023-12-14T12:49:15+00:00","dateModified":"2023-12-15T13:42:07+00:00","description":"Voluson E8 brinda una calidad de imagen sobresaliente en un sistema inteligente, dise\u00f1ado para satisfacer las demandas de su rutina diaria. Contactanos!!","breadcrumb":{"@id":"https:\/\/soundservice.com.ar\/new\/producto\/ge-voluson-e8-usado\/#breadcrumb"},"inLanguage":"es","potentialAction":[{"@type":"ReadAction","target":["https:\/\/soundservice.com.ar\/new\/producto\/ge-voluson-e8-usado\/"]}]},{"@type":"ImageObject","inLanguage":"es","@id":"https:\/\/soundservice.com.ar\/new\/producto\/ge-voluson-e8-usado\/#primaryimage","url":"https:\/\/i0.wp.com\/soundservice.com.ar\/new\/wp-content\/uploads\/2023\/12\/1-4.png?fit=1080%2C1080&ssl=1","contentUrl":"https:\/\/i0.wp.com\/soundservice.com.ar\/new\/wp-content\/uploads\/2023\/12\/1-4.png?fit=1080%2C1080&ssl=1","width":1080,"height":1080},{"@type":"BreadcrumbList","@id":"https:\/\/soundservice.com.ar\/new\/producto\/ge-voluson-e8-usado\/#breadcrumb","itemListElement":[{"@type":"ListItem","position":1,"name":"Portada","item":"https:\/\/soundservice.com.ar\/new\/"},{"@type":"ListItem","position":2,"name":"Ec\u00f3grafos Usados","item":"https:\/\/soundservice.com.ar\/new\/"},{"@type":"ListItem","position":3,"name":"GE VOLUSON E8"}]},{"@type":"WebSite","@id":"https:\/\/soundservice.com.ar\/new\/#website","url":"https:\/\/soundservice.com.ar\/new\/","name":"SoundService","description":"Ec\u00f3grafos usados y servicio t\u00e9cnico en Argentina","publisher":{"@id":"https:\/\/soundservice.com.ar\/new\/#organization"},"potentialAction":[{"@type":"SearchAction","target":{"@type":"EntryPoint","urlTemplate":"https:\/\/soundservice.com.ar\/new\/?s={search_term_string}"},"query-input":{"@type":"PropertyValueSpecification","valueRequired":true,"valueName":"search_term_string"}}],"inLanguage":"es"},{"@type":"Organization","@id":"https:\/\/soundservice.com.ar\/new\/#organization","name":"SoundService","url":"https:\/\/soundservice.com.ar\/new\/","logo":{"@type":"ImageObject","inLanguage":"es","@id":"https:\/\/soundservice.com.ar\/new\/#\/schema\/logo\/image\/","url":"https:\/\/i0.wp.com\/soundservice.com.ar\/new\/wp-content\/uploads\/2022\/11\/cropped-cropped-Soundservice_Manual-de-Identidad1-07.png?fit=3779%2C1504&ssl=1","contentUrl":"https:\/\/i0.wp.com\/soundservice.com.ar\/new\/wp-content\/uploads\/2022\/11\/cropped-cropped-Soundservice_Manual-de-Identidad1-07.png?fit=3779%2C1504&ssl=1","width":3779,"height":1504,"caption":"SoundService"},"image":{"@id":"https:\/\/soundservice.com.ar\/new\/#\/schema\/logo\/image\/"}}]}},"jetpack_sharing_enabled":true,"_links":{"self":[{"href":"https:\/\/soundservice.com.ar\/new\/wp-json\/wp\/v2\/product\/961","targetHints":{"allow":["GET"]}}],"collection":[{"href":"https:\/\/soundservice.com.ar\/new\/wp-json\/wp\/v2\/product"}],"about":[{"href":"https:\/\/soundservice.com.ar\/new\/wp-json\/wp\/v2\/types\/product"}],"replies":[{"embeddable":true,"href":"https:\/\/soundservice.com.ar\/new\/wp-json\/wp\/v2\/comments?post=961"}],"wp:featuredmedia":[{"embeddable":true,"href":"https:\/\/soundservice.com.ar\/new\/wp-json\/wp\/v2\/media\/972"}],"wp:attachment":[{"href":"https:\/\/soundservice.com.ar\/new\/wp-json\/wp\/v2\/media?parent=961"}],"wp:term":[{"taxonomy":"product_brand","embeddable":true,"href":"https:\/\/soundservice.com.ar\/new\/wp-json\/wp\/v2\/product_brand?post=961"},{"taxonomy":"product_cat","embeddable":true,"href":"https:\/\/soundservice.com.ar\/new\/wp-json\/wp\/v2\/product_cat?post=961"},{"taxonomy":"product_tag","embeddable":true,"href":"https:\/\/soundservice.com.ar\/new\/wp-json\/wp\/v2\/product_tag?post=961"}],"curies":[{"name":"wp","href":"https:\/\/api.w.org\/{rel}","templated":true}]}}