{"id":981,"date":"2023-12-18T17:03:15","date_gmt":"2023-12-18T17:03:15","guid":{"rendered":"https:\/\/soundservice.com.ar\/?post_type=product&#038;p=981"},"modified":"2023-12-18T18:05:59","modified_gmt":"2023-12-18T18:05:59","slug":"medison-sonoace-x6-usado","status":"publish","type":"product","link":"https:\/\/soundservice.com.ar\/new\/producto\/medison-sonoace-x6-usado\/","title":{"rendered":"MEDISON SONOACE X6"},"content":{"rendered":"<p>El sistema Sonoace X6 simplifica su experiencia para cumplir con las necesidades cl\u00ednicas de su pr\u00e1ctica. El flujo de trabajo es intuitivo e incluye un flujo de reconocimiento l\u00f3gico, herramientas de automatizaci\u00f3n e informaci\u00f3n cl\u00ednica incorporada.<br \/>\nEl sistema Sonoace X6 incluye funcionalidades avanzadas de diagn\u00f3stico por im\u00e1genes, que le ayudar\u00e1n a aumentar la fiabilidad del diagn\u00f3stico, por medio de la entrega de im\u00e1genes claras y de alta calidad.<br \/>\nEl Sonoace X6 es un sistema compacto con una superficie peque\u00f1a y estable. Su dise\u00f1o ligero le permitir\u00e1 utilizarlo incluso en lugares donde el espacio para realizar exploraciones es reducido, lo que lo convierte en una herramienta ideal en cl\u00ednicas con espacios de exploraci\u00f3n estrechos.<\/p>\n","protected":false},"excerpt":{"rendered":"<ul>\n<li style=\"list-style-type: none;\">\n<ul>Sistema de ultrasonido compacto Impresionante proporcionar el m\u00e1ximo valor y calidad a trav\u00e9s de una amplia gama de aplicaciones.<\/ul>\n<\/li>\n<li style=\"list-style-type: none;\">\n<ul>* Im\u00e1gen de Gran Alcance<\/ul>\n<\/li>\n<li style=\"list-style-type: none;\">\n<ul>\n<li style=\"list-style-type: none\">\n<ul>* Dise\u00f1o Compacto<\/ul>\n<\/li>\n<\/ul>\n<p><span style=\"font-size: 16px; font-style: inherit; font-weight: inherit;\">* Dise\u00f1o Ergon\u00f3mico<\/span><\/li>\n<\/ul>\n<ul>\n<li><strong>MARCA:<\/strong> MEDISON (SAMSUNG)<\/li>\n<li><strong>MODELO:<\/strong> SONOACE X6<\/li>\n<li><strong>A\u00d1O DE FABRICACION<\/strong>: SIN DATOS<\/li>\n<li><strong>ESPECIALIDAD<\/strong>: RADIOLOGICO &#8211; GENERAL<\/li>\n<li><strong>TRANSDUCTORES:<\/strong>\n<ol>\n<li>LINEAL<\/li>\n<li>CONVEXO<\/li>\n<li>ENDOCAVITARIO<\/li>\n<\/ol>\n<\/li>\n<li><strong>VIDEO PRINTER:<\/strong> NO<\/li>\n<li><strong>DICOM:<\/strong> NO<\/li>\n<\/ul>\n","protected":false},"featured_media":985,"comment_status":"closed","ping_status":"closed","template":"","meta":{"inline_featured_image":false,"site-sidebar-layout":"default","site-content-layout":"default","ast-site-content-layout":"default","site-content-style":"default","site-sidebar-style":"default","ast-global-header-display":"","ast-banner-title-visibility":"","ast-main-header-display":"","ast-hfb-above-header-display":"","ast-hfb-below-header-display":"","ast-hfb-mobile-header-display":"","site-post-title":"","ast-breadcrumbs-content":"","ast-featured-img":"","footer-sml-layout":"","theme-transparent-header-meta":"default","adv-header-id-meta":"","stick-header-meta":"","header-above-stick-meta":"","header-main-stick-meta":"","header-below-stick-meta":"","astra-migrate-meta-layouts":"set","ast-page-background-enabled":"default","ast-page-background-meta":{"desktop":{"background-color":"","background-image":"","background-repeat":"repeat","background-position":"center center","background-size":"auto","background-attachment":"scroll","background-type":"","background-media":"","overlay-type":"","overlay-color":"","overlay-opacity":"","overlay-gradient":""},"tablet":{"background-color":"","background-image":"","background-repeat":"repeat","background-position":"center center","background-size":"auto","background-attachment":"scroll","background-type":"","background-media":"","overlay-type":"","overlay-color":"","overlay-opacity":"","overlay-gradient":""},"mobile":{"background-color":"","background-image":"","background-repeat":"repeat","background-position":"center center","background-size":"auto","background-attachment":"scroll","background-type":"","background-media":"","overlay-type":"","overlay-color":"","overlay-opacity":"","overlay-gradient":""}},"ast-content-background-meta":{"desktop":{"background-color":"var(--ast-global-color-5)","background-image":"","background-repeat":"repeat","background-position":"center center","background-size":"auto","background-attachment":"scroll","background-type":"","background-media":"","overlay-type":"","overlay-color":"","overlay-opacity":"","overlay-gradient":""},"tablet":{"background-color":"var(--ast-global-color-5)","background-image":"","background-repeat":"repeat","background-position":"center center","background-size":"auto","background-attachment":"scroll","background-type":"","background-media":"","overlay-type":"","overlay-color":"","overlay-opacity":"","overlay-gradient":""},"mobile":{"background-color":"var(--ast-global-color-5)","background-image":"","background-repeat":"repeat","background-position":"center center","background-size":"auto","background-attachment":"scroll","background-type":"","background-media":"","overlay-type":"","overlay-color":"","overlay-opacity":"","overlay-gradient":""}}},"product_brand":[],"product_cat":[51],"product_tag":[37,42,43,44,50,36],"class_list":{"0":"post-981","1":"product","2":"type-product","3":"status-publish","4":"has-post-thumbnail","6":"product_cat-medison","7":"product_tag-ecografo","8":"product_tag-ginecologia-y-obstetricia","9":"product_tag-transductor-convexo","10":"product_tag-transductor-convexo-volumetrico","11":"product_tag-transductor-endocavitario-volumetrico","12":"product_tag-transductor-lineal","13":"desktop-align-center","14":"tablet-align-left","15":"mobile-align-left","17":"first","18":"instock","19":"downloadable","20":"virtual","21":"sold-individually","22":"taxable","23":"purchasable","24":"product-type-simple"},"yoast_head":"<!-- This site is optimized with the Yoast SEO plugin v27.4 - https:\/\/yoast.com\/product\/yoast-seo-wordpress\/ -->\n<title>MEDISON SONOACE X6 - SoundService Ec\u00f3grafo Usado<\/title>\n<meta name=\"description\" content=\"Medison Sonoace X6 brinda un excelente im\u00e1gen, ideal para los que se inician en el diagn\u00f3stico por im\u00e1gen..\" \/>\n<meta name=\"robots\" content=\"index, follow, max-snippet:-1, max-image-preview:large, max-video-preview:-1\" \/>\n<link rel=\"canonical\" href=\"https:\/\/soundservice.com.ar\/new\/producto\/medison-sonoace-x6-usado\/\" \/>\n<meta property=\"og:locale\" content=\"es_ES\" \/>\n<meta property=\"og:type\" content=\"article\" \/>\n<meta property=\"og:title\" content=\"MEDISON SONOACE X6 - SoundService Ec\u00f3grafo Usado\" \/>\n<meta property=\"og:description\" content=\"Medison Sonoace X6 brinda un excelente im\u00e1gen, ideal para los que se inician en el diagn\u00f3stico por im\u00e1gen..\" \/>\n<meta property=\"og:url\" content=\"https:\/\/soundservice.com.ar\/new\/producto\/medison-sonoace-x6-usado\/\" \/>\n<meta property=\"og:site_name\" content=\"SoundService\" \/>\n<meta property=\"article:modified_time\" content=\"2023-12-18T18:05:59+00:00\" \/>\n<meta property=\"og:image\" content=\"https:\/\/i0.wp.com\/soundservice.com.ar\/new\/wp-content\/uploads\/2023\/12\/1-6.png?fit=1080%2C1080&ssl=1\" \/>\n\t<meta property=\"og:image:width\" content=\"1080\" \/>\n\t<meta property=\"og:image:height\" content=\"1080\" \/>\n\t<meta property=\"og:image:type\" content=\"image\/png\" \/>\n<meta name=\"twitter:card\" content=\"summary_large_image\" \/>\n<meta name=\"twitter:label1\" content=\"Tiempo de lectura\" \/>\n\t<meta name=\"twitter:data1\" content=\"1 minuto\" \/>\n<script type=\"application\/ld+json\" class=\"yoast-schema-graph\">{\"@context\":\"https:\\\/\\\/schema.org\",\"@graph\":[{\"@type\":\"WebPage\",\"@id\":\"https:\\\/\\\/soundservice.com.ar\\\/new\\\/producto\\\/medison-sonoace-x6-usado\\\/\",\"url\":\"https:\\\/\\\/soundservice.com.ar\\\/new\\\/producto\\\/medison-sonoace-x6-usado\\\/\",\"name\":\"MEDISON SONOACE X6 - SoundService Ec\u00f3grafo Usado\",\"isPartOf\":{\"@id\":\"https:\\\/\\\/soundservice.com.ar\\\/new\\\/#website\"},\"primaryImageOfPage\":{\"@id\":\"https:\\\/\\\/soundservice.com.ar\\\/new\\\/producto\\\/medison-sonoace-x6-usado\\\/#primaryimage\"},\"image\":{\"@id\":\"https:\\\/\\\/soundservice.com.ar\\\/new\\\/producto\\\/medison-sonoace-x6-usado\\\/#primaryimage\"},\"thumbnailUrl\":\"https:\\\/\\\/i0.wp.com\\\/soundservice.com.ar\\\/new\\\/wp-content\\\/uploads\\\/2023\\\/12\\\/1-6.png?fit=1080%2C1080&ssl=1\",\"datePublished\":\"2023-12-18T17:03:15+00:00\",\"dateModified\":\"2023-12-18T18:05:59+00:00\",\"description\":\"Medison Sonoace X6 brinda un excelente im\u00e1gen, ideal para los que se inician en el diagn\u00f3stico por im\u00e1gen..\",\"breadcrumb\":{\"@id\":\"https:\\\/\\\/soundservice.com.ar\\\/new\\\/producto\\\/medison-sonoace-x6-usado\\\/#breadcrumb\"},\"inLanguage\":\"es\",\"potentialAction\":[{\"@type\":\"ReadAction\",\"target\":[\"https:\\\/\\\/soundservice.com.ar\\\/new\\\/producto\\\/medison-sonoace-x6-usado\\\/\"]}]},{\"@type\":\"ImageObject\",\"inLanguage\":\"es\",\"@id\":\"https:\\\/\\\/soundservice.com.ar\\\/new\\\/producto\\\/medison-sonoace-x6-usado\\\/#primaryimage\",\"url\":\"https:\\\/\\\/i0.wp.com\\\/soundservice.com.ar\\\/new\\\/wp-content\\\/uploads\\\/2023\\\/12\\\/1-6.png?fit=1080%2C1080&ssl=1\",\"contentUrl\":\"https:\\\/\\\/i0.wp.com\\\/soundservice.com.ar\\\/new\\\/wp-content\\\/uploads\\\/2023\\\/12\\\/1-6.png?fit=1080%2C1080&ssl=1\",\"width\":1080,\"height\":1080},{\"@type\":\"BreadcrumbList\",\"@id\":\"https:\\\/\\\/soundservice.com.ar\\\/new\\\/producto\\\/medison-sonoace-x6-usado\\\/#breadcrumb\",\"itemListElement\":[{\"@type\":\"ListItem\",\"position\":1,\"name\":\"Portada\",\"item\":\"https:\\\/\\\/soundservice.com.ar\\\/new\\\/\"},{\"@type\":\"ListItem\",\"position\":2,\"name\":\"Ec\u00f3grafos Usados\",\"item\":\"https:\\\/\\\/soundservice.com.ar\\\/new\\\/\"},{\"@type\":\"ListItem\",\"position\":3,\"name\":\"MEDISON SONOACE X6\"}]},{\"@type\":\"WebSite\",\"@id\":\"https:\\\/\\\/soundservice.com.ar\\\/new\\\/#website\",\"url\":\"https:\\\/\\\/soundservice.com.ar\\\/new\\\/\",\"name\":\"SoundService\",\"description\":\"Ec\u00f3grafos usados y servicio t\u00e9cnico en Argentina\",\"publisher\":{\"@id\":\"https:\\\/\\\/soundservice.com.ar\\\/new\\\/#organization\"},\"potentialAction\":[{\"@type\":\"SearchAction\",\"target\":{\"@type\":\"EntryPoint\",\"urlTemplate\":\"https:\\\/\\\/soundservice.com.ar\\\/new\\\/?s={search_term_string}\"},\"query-input\":{\"@type\":\"PropertyValueSpecification\",\"valueRequired\":true,\"valueName\":\"search_term_string\"}}],\"inLanguage\":\"es\"},{\"@type\":\"Organization\",\"@id\":\"https:\\\/\\\/soundservice.com.ar\\\/new\\\/#organization\",\"name\":\"SoundService\",\"url\":\"https:\\\/\\\/soundservice.com.ar\\\/new\\\/\",\"logo\":{\"@type\":\"ImageObject\",\"inLanguage\":\"es\",\"@id\":\"https:\\\/\\\/soundservice.com.ar\\\/new\\\/#\\\/schema\\\/logo\\\/image\\\/\",\"url\":\"https:\\\/\\\/i0.wp.com\\\/soundservice.com.ar\\\/new\\\/wp-content\\\/uploads\\\/2022\\\/11\\\/cropped-cropped-Soundservice_Manual-de-Identidad1-07.png?fit=3779%2C1504&ssl=1\",\"contentUrl\":\"https:\\\/\\\/i0.wp.com\\\/soundservice.com.ar\\\/new\\\/wp-content\\\/uploads\\\/2022\\\/11\\\/cropped-cropped-Soundservice_Manual-de-Identidad1-07.png?fit=3779%2C1504&ssl=1\",\"width\":3779,\"height\":1504,\"caption\":\"SoundService\"},\"image\":{\"@id\":\"https:\\\/\\\/soundservice.com.ar\\\/new\\\/#\\\/schema\\\/logo\\\/image\\\/\"}}]}<\/script>\n<!-- \/ Yoast SEO plugin. -->","yoast_head_json":{"title":"MEDISON SONOACE X6 - SoundService Ec\u00f3grafo Usado","description":"Medison Sonoace X6 brinda un excelente im\u00e1gen, ideal para los que se inician en el diagn\u00f3stico por im\u00e1gen..","robots":{"index":"index","follow":"follow","max-snippet":"max-snippet:-1","max-image-preview":"max-image-preview:large","max-video-preview":"max-video-preview:-1"},"canonical":"https:\/\/soundservice.com.ar\/new\/producto\/medison-sonoace-x6-usado\/","og_locale":"es_ES","og_type":"article","og_title":"MEDISON SONOACE X6 - SoundService Ec\u00f3grafo Usado","og_description":"Medison Sonoace X6 brinda un excelente im\u00e1gen, ideal para los que se inician en el diagn\u00f3stico por im\u00e1gen..","og_url":"https:\/\/soundservice.com.ar\/new\/producto\/medison-sonoace-x6-usado\/","og_site_name":"SoundService","article_modified_time":"2023-12-18T18:05:59+00:00","og_image":[{"width":1080,"height":1080,"url":"https:\/\/i0.wp.com\/soundservice.com.ar\/new\/wp-content\/uploads\/2023\/12\/1-6.png?fit=1080%2C1080&ssl=1","type":"image\/png"}],"twitter_card":"summary_large_image","twitter_misc":{"Tiempo de lectura":"1 minuto"},"schema":{"@context":"https:\/\/schema.org","@graph":[{"@type":"WebPage","@id":"https:\/\/soundservice.com.ar\/new\/producto\/medison-sonoace-x6-usado\/","url":"https:\/\/soundservice.com.ar\/new\/producto\/medison-sonoace-x6-usado\/","name":"MEDISON SONOACE X6 - SoundService Ec\u00f3grafo Usado","isPartOf":{"@id":"https:\/\/soundservice.com.ar\/new\/#website"},"primaryImageOfPage":{"@id":"https:\/\/soundservice.com.ar\/new\/producto\/medison-sonoace-x6-usado\/#primaryimage"},"image":{"@id":"https:\/\/soundservice.com.ar\/new\/producto\/medison-sonoace-x6-usado\/#primaryimage"},"thumbnailUrl":"https:\/\/i0.wp.com\/soundservice.com.ar\/new\/wp-content\/uploads\/2023\/12\/1-6.png?fit=1080%2C1080&ssl=1","datePublished":"2023-12-18T17:03:15+00:00","dateModified":"2023-12-18T18:05:59+00:00","description":"Medison Sonoace X6 brinda un excelente im\u00e1gen, ideal para los que se inician en el diagn\u00f3stico por im\u00e1gen..","breadcrumb":{"@id":"https:\/\/soundservice.com.ar\/new\/producto\/medison-sonoace-x6-usado\/#breadcrumb"},"inLanguage":"es","potentialAction":[{"@type":"ReadAction","target":["https:\/\/soundservice.com.ar\/new\/producto\/medison-sonoace-x6-usado\/"]}]},{"@type":"ImageObject","inLanguage":"es","@id":"https:\/\/soundservice.com.ar\/new\/producto\/medison-sonoace-x6-usado\/#primaryimage","url":"https:\/\/i0.wp.com\/soundservice.com.ar\/new\/wp-content\/uploads\/2023\/12\/1-6.png?fit=1080%2C1080&ssl=1","contentUrl":"https:\/\/i0.wp.com\/soundservice.com.ar\/new\/wp-content\/uploads\/2023\/12\/1-6.png?fit=1080%2C1080&ssl=1","width":1080,"height":1080},{"@type":"BreadcrumbList","@id":"https:\/\/soundservice.com.ar\/new\/producto\/medison-sonoace-x6-usado\/#breadcrumb","itemListElement":[{"@type":"ListItem","position":1,"name":"Portada","item":"https:\/\/soundservice.com.ar\/new\/"},{"@type":"ListItem","position":2,"name":"Ec\u00f3grafos Usados","item":"https:\/\/soundservice.com.ar\/new\/"},{"@type":"ListItem","position":3,"name":"MEDISON SONOACE X6"}]},{"@type":"WebSite","@id":"https:\/\/soundservice.com.ar\/new\/#website","url":"https:\/\/soundservice.com.ar\/new\/","name":"SoundService","description":"Ec\u00f3grafos usados y servicio t\u00e9cnico en Argentina","publisher":{"@id":"https:\/\/soundservice.com.ar\/new\/#organization"},"potentialAction":[{"@type":"SearchAction","target":{"@type":"EntryPoint","urlTemplate":"https:\/\/soundservice.com.ar\/new\/?s={search_term_string}"},"query-input":{"@type":"PropertyValueSpecification","valueRequired":true,"valueName":"search_term_string"}}],"inLanguage":"es"},{"@type":"Organization","@id":"https:\/\/soundservice.com.ar\/new\/#organization","name":"SoundService","url":"https:\/\/soundservice.com.ar\/new\/","logo":{"@type":"ImageObject","inLanguage":"es","@id":"https:\/\/soundservice.com.ar\/new\/#\/schema\/logo\/image\/","url":"https:\/\/i0.wp.com\/soundservice.com.ar\/new\/wp-content\/uploads\/2022\/11\/cropped-cropped-Soundservice_Manual-de-Identidad1-07.png?fit=3779%2C1504&ssl=1","contentUrl":"https:\/\/i0.wp.com\/soundservice.com.ar\/new\/wp-content\/uploads\/2022\/11\/cropped-cropped-Soundservice_Manual-de-Identidad1-07.png?fit=3779%2C1504&ssl=1","width":3779,"height":1504,"caption":"SoundService"},"image":{"@id":"https:\/\/soundservice.com.ar\/new\/#\/schema\/logo\/image\/"}}]}},"jetpack_sharing_enabled":true,"_links":{"self":[{"href":"https:\/\/soundservice.com.ar\/new\/wp-json\/wp\/v2\/product\/981","targetHints":{"allow":["GET"]}}],"collection":[{"href":"https:\/\/soundservice.com.ar\/new\/wp-json\/wp\/v2\/product"}],"about":[{"href":"https:\/\/soundservice.com.ar\/new\/wp-json\/wp\/v2\/types\/product"}],"replies":[{"embeddable":true,"href":"https:\/\/soundservice.com.ar\/new\/wp-json\/wp\/v2\/comments?post=981"}],"wp:featuredmedia":[{"embeddable":true,"href":"https:\/\/soundservice.com.ar\/new\/wp-json\/wp\/v2\/media\/985"}],"wp:attachment":[{"href":"https:\/\/soundservice.com.ar\/new\/wp-json\/wp\/v2\/media?parent=981"}],"wp:term":[{"taxonomy":"product_brand","embeddable":true,"href":"https:\/\/soundservice.com.ar\/new\/wp-json\/wp\/v2\/product_brand?post=981"},{"taxonomy":"product_cat","embeddable":true,"href":"https:\/\/soundservice.com.ar\/new\/wp-json\/wp\/v2\/product_cat?post=981"},{"taxonomy":"product_tag","embeddable":true,"href":"https:\/\/soundservice.com.ar\/new\/wp-json\/wp\/v2\/product_tag?post=981"}],"curies":[{"name":"wp","href":"https:\/\/api.w.org\/{rel}","templated":true}]}}